{"id":303,"date":"2018-04-25T09:16:16","date_gmt":"2018-04-25T09:16:16","guid":{"rendered":"https:\/\/demo.themefreesia.com\/photograph\/?page_id=8"},"modified":"2024-06-20T16:41:53","modified_gmt":"2024-06-20T14:41:53","slug":"about-us","status":"publish","type":"page","link":"https:\/\/model.tania-dias.fr\/index.php\/about-us\/","title":{"rendered":"Bonjour, je m&#8217;appelle T\u00e2nia"},"content":{"rendered":"<h2>Je suis mod\u00e8le et passionn\u00e9e par la photographie !<\/h2>\n<div class=\"flex flex-grow flex-col gap-3\">\n<div class=\"min-h-[20px] flex flex-col items-start gap-4 whitespace-pre-wrap\">\n<div class=\"markdown prose w-full break-words dark:prose-invert light\">\n<p>Si vous \u00eates un photographe professionnel \u00e0 la recherche d&#8217;une mod\u00e8le pour collaborer, je serais ravie de discuter de projets futurs avec vous. N&#8217;h\u00e9sitez pas \u00e0 me contacter pour en savoir plus sur mes disponibilit\u00e9s et mes aspirations.<\/p>\n<p>Je suis ouverte \u00e0 de nouvelles collaborations sur des projets enrichissants qui me permettront d&#8217;acqu\u00e9rir de l&#8217;exp\u00e9rience et d&#8217;\u00e9largir mon book.<\/p>\n<blockquote><p>Ce book en ligne pr\u00e9sente une s\u00e9lection de mes shootings.<\/p><\/blockquote>\n<\/div>\n<\/div>\n<\/div>\n<p>Merci de prendre le temps de parcourir mon book. J&#8217;esp\u00e8re que vous appr\u00e9cierez mes \u00a0travaux et que nous aurons l&#8217;opportunit\u00e9 de d\u00e9velopper un projet ensemble.<\/p>\n<p><a href=\"http:\/\/model.tania-dias.fr\/\">VOIR MON BOOK<\/a><\/p>\n","protected":false},"excerpt":{"rendered":"<p>Je suis mod\u00e8le et passionn\u00e9e par la photographie ! Si vous \u00eates un photographe professionnel \u00e0 la recherche d&#8217;une mod\u00e8le pour collaborer, je serais ravie&hellip; <\/p>\n","protected":false},"author":1,"featured_media":369,"parent":0,"menu_order":0,"comment_status":"closed","ping_status":"closed","template":"page-templates\/aboutus-template.php","meta":{"footnotes":""},"class_list":["post-303","page","type-page","status-publish","has-post-thumbnail","hentry"],"jetpack_sharing_enabled":true,"_links":{"self":[{"href":"https:\/\/model.tania-dias.fr\/index.php\/wp-json\/wp\/v2\/pages\/303","targetHints":{"allow":["GET"]}}],"collection":[{"href":"https:\/\/model.tania-dias.fr\/index.php\/wp-json\/wp\/v2\/pages"}],"about":[{"href":"https:\/\/model.tania-dias.fr\/index.php\/wp-json\/wp\/v2\/types\/page"}],"author":[{"embeddable":true,"href":"https:\/\/model.tania-dias.fr\/index.php\/wp-json\/wp\/v2\/users\/1"}],"replies":[{"embeddable":true,"href":"https:\/\/model.tania-dias.fr\/index.php\/wp-json\/wp\/v2\/comments?post=303"}],"version-history":[{"count":15,"href":"https:\/\/model.tania-dias.fr\/index.php\/wp-json\/wp\/v2\/pages\/303\/revisions"}],"predecessor-version":[{"id":575,"href":"https:\/\/model.tania-dias.fr\/index.php\/wp-json\/wp\/v2\/pages\/303\/revisions\/575"}],"wp:featuredmedia":[{"embeddable":true,"href":"https:\/\/model.tania-dias.fr\/index.php\/wp-json\/wp\/v2\/media\/369"}],"wp:attachment":[{"href":"https:\/\/model.tania-dias.fr\/index.php\/wp-json\/wp\/v2\/media?parent=303"}],"curies":[{"name":"wp","href":"https:\/\/api.w.org\/{rel}","templated":true}]}}